{"id":25,"date":"2017-10-16T11:31:15","date_gmt":"2017-10-16T09:31:15","guid":{"rendered":"http:\/\/studio-photo-salon.fr\/?page_id=25"},"modified":"2025-11-17T09:25:41","modified_gmt":"2025-11-17T08:25:41","slug":"accueil","status":"publish","type":"page","link":"https:\/\/studio-photo-salon.fr\/","title":{"rendered":"Accueil"},"content":{"rendered":"\n<div class=\"wp-block-columns is-layout-flex wp-container-core-columns-is-layout-1 wp-block-columns-is-layout-flex\">\n<div class=\"wp-block-column is-layout-flow wp-block-column-is-layout-flow\">\n<figure class=\"wp-block-image size-full\"><a href=\"https:\/\/laboratoire.studio-photo-salon.fr\/fr\/impression\/categories\/calendriers\/372442\"><img loading=\"lazy\" decoding=\"async\" width=\"1000\" height=\"200\" src=\"https:\/\/studio-photo-salon.fr\/wp-content\/uploads\/2025\/11\/bandeau-calendriers-2026.webp\" alt=\"\" class=\"wp-image-1972\" srcset=\"https:\/\/studio-photo-salon.fr\/wp-content\/uploads\/2025\/11\/bandeau-calendriers-2026.webp 1000w, https:\/\/studio-photo-salon.fr\/wp-content\/uploads\/2025\/11\/bandeau-calendriers-2026-300x60.webp 300w, https:\/\/studio-photo-salon.fr\/wp-content\/uploads\/2025\/11\/bandeau-calendriers-2026-768x154.webp 768w\" sizes=\"auto, (max-width: 1000px) 100vw, 1000px\" \/><\/a><\/figure>\n<\/div>\n<\/div>\n\n\n\n<div class=\"wp-block-columns is-layout-flex wp-container-core-columns-is-layout-2 wp-block-columns-is-layout-flex\">\n<div class=\"wp-block-column is-layout-flow wp-block-column-is-layout-flow\" style=\"flex-basis:100%\">\n<figure class=\"wp-block-image size-full is-resized\"><a href=\"https:\/\/laboratoire.studio-photo-salon.fr\/fr\/onlineprint\" target=\"_blank\" rel=\"noopener\"><img loading=\"lazy\" decoding=\"async\" width=\"1000\" height=\"300\" src=\"https:\/\/studio-photo-salon.fr\/wp-content\/uploads\/2023\/04\/1000x300-imprimer-mes-photos-copie.webp\" alt=\"Laboratoire photo en ligne, impression de photo tirage en 1h\" class=\"wp-image-1890\" style=\"width:1000px;height:300px\" srcset=\"https:\/\/studio-photo-salon.fr\/wp-content\/uploads\/2023\/04\/1000x300-imprimer-mes-photos-copie.webp 1000w, https:\/\/studio-photo-salon.fr\/wp-content\/uploads\/2023\/04\/1000x300-imprimer-mes-photos-copie-300x90.webp 300w, https:\/\/studio-photo-salon.fr\/wp-content\/uploads\/2023\/04\/1000x300-imprimer-mes-photos-copie-768x230.webp 768w\" sizes=\"auto, (max-width: 1000px) 100vw, 1000px\" \/><\/a><\/figure>\n<\/div>\n<\/div>\n\n\n\n<div class=\"wp-block-buttons is-content-justification-right is-layout-flex wp-container-core-buttons-is-layout-1 wp-block-buttons-is-layout-flex\">\n<div class=\"wp-block-button has-custom-font-size is-style-outline has-small-font-size is-style-outline--1\"><a class=\"wp-block-button__link has-text-color wp-element-button\" href=\"https:\/\/studio-photo-salon.fr\/index.php\/tirages-impressions\/\" style=\"color:#f856fa\">+d&rsquo;Infos sur les tirages&#8230;<\/a><\/div>\n<\/div>\n\n\n\n<div class=\"wp-block-columns is-layout-flex wp-container-core-columns-is-layout-3 wp-block-columns-is-layout-flex\">\n<div class=\"wp-block-column is-layout-flow wp-block-column-is-layout-flow\" style=\"flex-basis:50%\">\n<figure class=\"wp-block-image size-full is-resized\"><a href=\"https:\/\/studio-photo-salon.fr\/index.php\/photos-didentite\/\"><img loading=\"lazy\" decoding=\"async\" width=\"500\" height=\"300\" src=\"https:\/\/studio-photo-salon.fr\/wp-content\/uploads\/2023\/04\/500x300identite-copie.webp\" alt=\"realisation de photos d'identit\u00e9 aux normes pour carte d'identit\u00e9, passeport, permis de conduire, agr\u00e9\u00e9 ANTS sans rendez-vous, livraison imm\u00e9diate\" class=\"wp-image-1904\" style=\"width:500px;height:300px\" srcset=\"https:\/\/studio-photo-salon.fr\/wp-content\/uploads\/2023\/04\/500x300identite-copie.webp 500w, https:\/\/studio-photo-salon.fr\/wp-content\/uploads\/2023\/04\/500x300identite-copie-300x180.webp 300w\" sizes=\"auto, (max-width: 500px) 100vw, 500px\" \/><\/a><\/figure>\n<\/div>\n\n\n\n<div class=\"wp-block-column is-layout-flow wp-block-column-is-layout-flow\" style=\"flex-basis:50%\">\n<figure class=\"wp-block-image size-full is-resized\"><a href=\"https:\/\/laboratoire.studio-photo-salon.fr\/fr\/impression\/categories\/livre-album-ouverture-a-plat\/420170\" target=\"_blank\" rel=\"noopener\"><img loading=\"lazy\" decoding=\"async\" width=\"500\" height=\"300\" src=\"https:\/\/studio-photo-salon.fr\/wp-content\/uploads\/2023\/04\/500x300livrephoto-copie.webp\" alt=\"Cr\u00e9ez votre livre photo directement en ligne r\u00e9alisation 3 \u00e0 6 jours, ouverture a plat, v\u00e9ritable papier photo\" class=\"wp-image-1910\" style=\"width:500px;height:300px\" srcset=\"https:\/\/studio-photo-salon.fr\/wp-content\/uploads\/2023\/04\/500x300livrephoto-copie.webp 500w, https:\/\/studio-photo-salon.fr\/wp-content\/uploads\/2023\/04\/500x300livrephoto-copie-300x180.webp 300w\" sizes=\"auto, (max-width: 500px) 100vw, 500px\" \/><\/a><\/figure>\n<\/div>\n<\/div>\n\n\n\n<div class=\"wp-block-columns is-layout-flex wp-container-core-columns-is-layout-4 wp-block-columns-is-layout-flex\">\n<div class=\"wp-block-column is-layout-flow wp-block-column-is-layout-flow\">\n<div class=\"wp-block-buttons is-layout-flex wp-block-buttons-is-layout-flex\">\n<div class=\"wp-block-button is-style-outline is-style-outline--2\"><a class=\"wp-block-button__link has-text-color wp-element-button\" href=\"https:\/\/studio-photo-salon.fr\/index.php\/photos-didentite\/\" style=\"color:#fac156\">+d&rsquo;infos sur les identit\u00e9s<\/a><\/div>\n<\/div>\n<\/div>\n\n\n\n<div class=\"wp-block-column is-layout-flow wp-block-column-is-layout-flow\">\n<div class=\"wp-block-buttons is-content-justification-right is-layout-flex wp-container-core-buttons-is-layout-3 wp-block-buttons-is-layout-flex\">\n<div class=\"wp-block-button is-style-outline is-style-outline--3\"><a class=\"wp-block-button__link has-text-color wp-element-button\" style=\"color:#568ff4\">+d&rsquo;infos sur nos livres<\/a><\/div>\n<\/div>\n<\/div>\n<\/div>\n\n\n\n<div class=\"wp-block-columns is-layout-flex wp-container-core-columns-is-layout-5 wp-block-columns-is-layout-flex\">\n<div class=\"wp-block-column is-layout-flow wp-block-column-is-layout-flow\" style=\"flex-basis:33.33%\">\n<figure class=\"wp-block-image size-full is-resized\"><img loading=\"lazy\" decoding=\"async\" width=\"330\" height=\"300\" src=\"https:\/\/studio-photo-salon.fr\/wp-content\/uploads\/2023\/04\/330x300alu-copie.webp\" alt=\"Photo coll\u00e9es sur plaque composite aluminium type dibond newbond selon stock\" class=\"wp-image-1921\" style=\"width:330px;height:300px\" srcset=\"https:\/\/studio-photo-salon.fr\/wp-content\/uploads\/2023\/04\/330x300alu-copie.webp 330w, https:\/\/studio-photo-salon.fr\/wp-content\/uploads\/2023\/04\/330x300alu-copie-300x273.webp 300w\" sizes=\"auto, (max-width: 330px) 100vw, 330px\" \/><\/figure>\n<\/div>\n\n\n\n<div class=\"wp-block-column is-layout-flow wp-block-column-is-layout-flow\" style=\"flex-basis:66.66%\">\n<figure class=\"wp-block-image size-full is-resized\"><a href=\"https:\/\/laboratoire.studio-photo-salon.fr\/fr\/onlineprint\" target=\"_blank\" rel=\"noopener\"><img loading=\"lazy\" decoding=\"async\" width=\"670\" height=\"300\" src=\"https:\/\/studio-photo-salon.fr\/wp-content\/uploads\/2023\/04\/670x300toile-copie.webp\" alt=\"impression sur toile, chassis bois respect des couleurs qualit\u00e9 photo photo sur toile\" class=\"wp-image-1918\" style=\"width:670px;height:300px\" srcset=\"https:\/\/studio-photo-salon.fr\/wp-content\/uploads\/2023\/04\/670x300toile-copie.webp 670w, https:\/\/studio-photo-salon.fr\/wp-content\/uploads\/2023\/04\/670x300toile-copie-300x134.webp 300w\" sizes=\"auto, (max-width: 670px) 100vw, 670px\" \/><\/a><\/figure>\n<\/div>\n<\/div>\n\n\n\n<div class=\"wp-block-columns is-layout-flex wp-container-core-columns-is-layout-6 wp-block-columns-is-layout-flex\">\n<div class=\"wp-block-column is-layout-flow wp-block-column-is-layout-flow\">\n<div class=\"wp-block-buttons is-layout-flex wp-block-buttons-is-layout-flex\">\n<div class=\"wp-block-button is-style-outline is-style-outline--4\"><a class=\"wp-block-button__link has-text-color wp-element-button\" href=\"https:\/\/studio-photo-salon.fr\/index.php\/contact\/\" style=\"color:#5e527f\">+d&rsquo;infos sur les contrecollages alu<\/a><\/div>\n<\/div>\n<\/div>\n\n\n\n<div class=\"wp-block-column is-layout-flow wp-block-column-is-layout-flow\">\n<div class=\"wp-block-buttons is-content-justification-right is-layout-flex wp-container-core-buttons-is-layout-5 wp-block-buttons-is-layout-flex\">\n<div class=\"wp-block-button is-style-outline is-style-outline--5\"><a class=\"wp-block-button__link has-text-color wp-element-button\" href=\"https:\/\/studio-photo-salon.fr\/index.php\/les-finitions\/\" style=\"color:#3ba639\">+d&rsquo;infos sur les toiles<\/a><\/div>\n<\/div>\n<\/div>\n<\/div>\n\n\n\n<p class=\"has-text-align-center has-very-light-gray-color has-text-color has-background has-large-font-size\" style=\"background-color:#5f666c\"><strong>Notre m\u00e9tier: La Photographie<\/strong><\/p>\n\n\n\n<div class=\"wp-block-columns is-layout-flex wp-container-core-columns-is-layout-7 wp-block-columns-is-layout-flex\">\n<div class=\"wp-block-column is-layout-flow wp-block-column-is-layout-flow\">\n<p class=\"has-text-align-center has-very-light-gray-background-color has-background has-medium-font-size\"><a href=\"https:\/\/studio-photo-salon.fr\/index.php\/le-laboratoire\/\">Le Laboratoire<\/a><\/p>\n\n\n<div class=\"wp-block-image\">\n<figure class=\"aligncenter size-large\"><a href=\"https:\/\/studio-photo-salon.fr\/index.php\/le-laboratoire\/\"><img loading=\"lazy\" decoding=\"async\" width=\"280\" height=\"341\" src=\"https:\/\/studio-photo-salon.fr\/wp-content\/uploads\/2020\/10\/acc-laboratoire.jpg\" alt=\"\" class=\"wp-image-1394\" srcset=\"https:\/\/studio-photo-salon.fr\/wp-content\/uploads\/2020\/10\/acc-laboratoire.jpg 280w, https:\/\/studio-photo-salon.fr\/wp-content\/uploads\/2020\/10\/acc-laboratoire-246x300.jpg 246w\" sizes=\"auto, (max-width: 280px) 100vw, 280px\" \/><\/a><\/figure><\/div>\n\n\n<p class=\"has-text-align-center has-very-light-gray-background-color has-background has-normal-font-size\">Notre laboratoire photo vous propose une large s\u00e9lection de produits allant du tirage classique aux impressions fine-art grand format. Objets personnalis\u00e9s et finitions diverses font \u00e9galement partie de notre gamme.<br><br>Notre ligne de conduite: rigueur, r\u00e9activit\u00e9 et \u00e9coute pour faire ressortir le meilleur de vos photographies.<\/p>\n<\/div>\n\n\n\n<div class=\"wp-block-column is-layout-flow wp-block-column-is-layout-flow\">\n<p class=\"has-text-align-center has-very-light-gray-color has-text-color has-background has-medium-font-size\" style=\"background-color:#8c959c\"><a href=\"https:\/\/studio-photo-salon.fr\/index.php\/le-studio\/\">Le Studio<\/a><\/p>\n\n\n\n<figure class=\"wp-block-image size-large\"><a href=\"https:\/\/studio-photo-salon.fr\/index.php\/le-studio\/\"><img loading=\"lazy\" decoding=\"async\" width=\"280\" height=\"341\" src=\"https:\/\/studio-photo-salon.fr\/wp-content\/uploads\/2020\/10\/acc-studio.jpg\" alt=\"\" class=\"wp-image-1402\" srcset=\"https:\/\/studio-photo-salon.fr\/wp-content\/uploads\/2020\/10\/acc-studio.jpg 280w, https:\/\/studio-photo-salon.fr\/wp-content\/uploads\/2020\/10\/acc-studio-246x300.jpg 246w\" sizes=\"auto, (max-width: 280px) 100vw, 280px\" \/><\/a><\/figure>\n\n\n\n<p class=\"has-text-align-center has-very-light-gray-color has-text-color has-background has-normal-font-size\" style=\"background-color:#8c959c\">Plusieurs ann\u00e9es d&rsquo;exp\u00e9riences en prise de vue, nous permettent de r\u00e9pondre \u00e0 vos envies.<br>Particulier ou professionnel nous saurons faire ressortir le meilleur de votre image.<br>Shooting en famille, en solo, pour une naissance , une grossesse, enfant ,portrait, objet, pack shoot\u2026<br>on en parle, on s&rsquo;accorde et on fonce \u2026<\/p>\n<\/div>\n\n\n\n<div class=\"wp-block-column is-layout-flow wp-block-column-is-layout-flow\">\n<p class=\"has-text-align-center has-background has-medium-font-size\" style=\"background-color:#8399a2\"><a href=\"https:\/\/studio-photo-salon.fr\/index.php\/le-reportage\/\">Le Reportage<\/a><\/p>\n\n\n<div class=\"wp-block-image\">\n<figure class=\"aligncenter size-large\"><a href=\"https:\/\/studio-photo-salon.fr\/index.php\/le-reportage\/\"><img loading=\"lazy\" decoding=\"async\" width=\"280\" height=\"341\" src=\"https:\/\/studio-photo-salon.fr\/wp-content\/uploads\/2020\/10\/acc-reportage.jpg\" alt=\"\" class=\"wp-image-1406\" srcset=\"https:\/\/studio-photo-salon.fr\/wp-content\/uploads\/2020\/10\/acc-reportage.jpg 280w, https:\/\/studio-photo-salon.fr\/wp-content\/uploads\/2020\/10\/acc-reportage-246x300.jpg 246w\" sizes=\"auto, (max-width: 280px) 100vw, 280px\" \/><\/a><\/figure><\/div>\n\n\n<p class=\"has-text-align-center has-background has-normal-font-size\" style=\"background-color:#8399a2\">Au bon endroit, au bon moment\u2026.<br>Savoir se placer, cadrer et d\u00e9clencher \u00e0 l&rsquo;instant pr\u00e9cis\u2026 c&rsquo;est un m\u00e9tier, cela ne s&rsquo;improvise pas.<br>Avec pr\u00e8s de 20 ans de pratique dans ce domaine, nous sommes capable de couvrir tous types d&rsquo;\u00e9v\u00e9nements: mariage bapt\u00eame, soir\u00e9e d&rsquo;entreprise , conf\u00e9rence\u2026<br><br><\/p>\n<\/div>\n<\/div>\n\n\n\n<p class=\"has-text-align-center has-very-light-gray-color has-text-color has-background has-large-font-size\" style=\"background-color:#5f666c\">Mais aussi\u2026.<\/p>\n\n\n\n<div class=\"wp-block-columns is-layout-flex wp-container-core-columns-is-layout-8 wp-block-columns-is-layout-flex\">\n<div class=\"wp-block-column is-layout-flow wp-block-column-is-layout-flow\">\n<p class=\"has-text-align-center has-very-dark-gray-color has-cyan-bluish-gray-background-color has-text-color has-background has-medium-font-size\"><a href=\"https:\/\/studio-photo-salon.fr\/index.php\/photos-didentite\/\">Photos d&rsquo;identit\u00e9<\/a><\/p>\n\n\n<div class=\"wp-block-image\">\n<figure class=\"aligncenter size-large\"><a href=\"https:\/\/studio-photo-salon.fr\/index.php\/photos-didentite\/\"><img loading=\"lazy\" decoding=\"async\" width=\"250\" height=\"200\" src=\"https:\/\/studio-photo-salon.fr\/wp-content\/uploads\/2020\/10\/acc-id-1.jpg\" alt=\"\" class=\"wp-image-1425\"\/><\/a><\/figure><\/div>\n\n\n<p class=\"has-text-align-center has-very-dark-gray-color has-cyan-bluish-gray-background-color has-text-color has-background has-normal-font-size\"><br>Photos d&rsquo;identit\u00e9 sans rendez-vous, vous repartez avec rapidement.<br>Pour carte d&rsquo;identit\u00e9, passeport, permis de conduire, CV, \u00e9cole\u2026<br>Nous r\u00e9alisons les photos manuellement, vous pouvez choisir, nous v\u00e9rifions les normes et vous \u00eates tranquilles.<br><br><br><\/p>\n<\/div>\n\n\n\n<div class=\"wp-block-column is-layout-flow wp-block-column-is-layout-flow\">\n<p class=\"has-text-align-center has-very-dark-gray-color has-very-light-gray-background-color has-text-color has-background has-medium-font-size\"><a href=\"https:\/\/studio-photo-salon.fr\/index.php\/la-boutique\/\">La boutique<\/a><\/p>\n\n\n<div class=\"wp-block-image\">\n<figure class=\"aligncenter size-large\"><img loading=\"lazy\" decoding=\"async\" width=\"250\" height=\"200\" src=\"https:\/\/studio-photo-salon.fr\/wp-content\/uploads\/2020\/10\/acc-boutique-1.jpg\" alt=\"\" class=\"wp-image-1426\"\/><\/figure><\/div>\n\n\n<p class=\"has-text-align-center has-very-light-gray-background-color has-background has-normal-font-size\">Dans notre boutique photo, que l&rsquo;on souhaite agr\u00e9able, vous pourrez trouver des produits pour vos photos: cadres, albums, mugs\u2026<br>Des bornes de s\u00e9lection d&rsquo;images\u2026<br>Et surtout une \u00e9quipe motiv\u00e9e pour vous accueillir et vous satisfaire.<br>Venez avec vos photos, choisissez, et on s&rsquo;occupe du reste&#8230;Vous repartez avec un produit fini.<\/p>\n<\/div>\n\n\n\n<div class=\"wp-block-column is-layout-flow wp-block-column-is-layout-flow\">\n<p class=\"has-text-align-center has-very-dark-gray-color has-cyan-bluish-gray-background-color has-text-color has-background has-medium-font-size\"><a href=\"https:\/\/studio-photo-salon.fr\/index.php\/transfert-video\/\">Transfert vid\u00e9o<\/a><\/p>\n\n\n<div class=\"wp-block-image\">\n<figure class=\"aligncenter size-large\"><a href=\"https:\/\/studio-photo-salon.fr\/index.php\/transfert-video\/\"><img loading=\"lazy\" decoding=\"async\" width=\"250\" height=\"200\" src=\"https:\/\/studio-photo-salon.fr\/wp-content\/uploads\/2020\/10\/acc-video-1.jpg\" alt=\"\" class=\"wp-image-1430\"\/><\/a><\/figure><\/div>\n\n\n<p class=\"has-text-align-center has-cyan-bluish-gray-background-color has-background has-normal-font-size\">Un Atelier vid\u00e9o soucieux de faire du bon travail pour conserver vos pr\u00e9cieux souvenirs.<br>Bobine de super8, 8mm&#8230;<br>Cassette vhs, vhs-c, mini-dv&#8230;<br>sur DVD ou support num\u00e9rique type USB.<br>Retrouvez enfin, ce que vous pensiez ne plus pouvoir voir et surtout permettez a ces films de durer dans le temps&#8230;<\/p>\n<\/div>\n\n\n\n<div class=\"wp-block-column is-layout-flow wp-block-column-is-layout-flow\">\n<p class=\"has-text-align-center has-very-dark-gray-color has-very-light-gray-background-color has-text-color has-background has-medium-font-size\"><a href=\"https:\/\/studio-photo-salon.fr\/index.php\/borne-selfie\/\">La Borne Selfie<\/a><\/p>\n\n\n<div class=\"wp-block-image\">\n<figure class=\"aligncenter size-large\"><a href=\"https:\/\/studio-photo-salon.fr\/index.php\/borne-selfie\/\"><img loading=\"lazy\" decoding=\"async\" width=\"250\" height=\"200\" src=\"https:\/\/studio-photo-salon.fr\/wp-content\/uploads\/2020\/10\/acc-tiny.jpg\" alt=\"\" class=\"wp-image-1411\"\/><\/a><\/figure><\/div>\n\n\n<p class=\"has-text-align-center has-very-light-gray-background-color has-background has-normal-font-size\">Vous organisez un \u00e9v\u00e8nement de famille, un mariage, une f\u00eate\u2026<br>Ou une r\u00e9union professionnelle, il vous faut une borne selfie, un photobooth.<br>En location, facile \u00e0 installer, r\u00e9ussite assur\u00e9e\u2026<br>Elle permet de cr\u00e9er de supers souvenirs et une animation g\u00e9niale! On se souviendra de cet \u00e9v\u00e9nement\u2026 photos \u00e0 l&rsquo;appui&#8230;<\/p>\n<\/div>\n<\/div>\n\n\n\n<p class=\"has-text-align-center has-very-light-gray-color has-text-color has-background has-large-font-size\" style=\"background-color:#5f666c\">Et bien plus encore&#8230;<\/p>\n","protected":false},"excerpt":{"rendered":"<p>Laboratoire photo \u00e0 Salon de Provence tirage et impression tous formats, studio de prise de vue, photo d identit\u00e9 shooting, reportage photo, mariage&#8230;.toute la photo&#8230;<\/p>\n","protected":false},"author":1,"featured_media":0,"parent":0,"menu_order":0,"comment_status":"closed","ping_status":"closed","template":"","meta":{"ngg_post_thumbnail":0,"footnotes":""},"class_list":["post-25","page","type-page","status-publish","czr-hentry"],"yoast_head":"<!-- This site is optimized with the Yoast SEO plugin v24.5 - https:\/\/yoast.com\/wordpress\/plugins\/seo\/ -->\n<title>Accueil - Studio Photo Salon de Provence<\/title>\n<meta name=\"description\" content=\"Laboratoire de tirage photo et impression, photo d&#039;identit\u00e9 , photo en studio et tout type de travaux photos, petit et grand format. tarifs interressant, rapide et efficace.\" \/>\n<meta name=\"robots\" content=\"index, follow, max-snippet:-1, max-image-preview:large, max-video-preview:-1\" \/>\n<link rel=\"canonical\" href=\"https:\/\/studio-photo-salon.fr\/\" \/>\n<meta property=\"og:locale\" content=\"fr_FR\" \/>\n<meta property=\"og:type\" content=\"article\" \/>\n<meta property=\"og:title\" content=\"Accueil - Studio Photo Salon de Provence\" \/>\n<meta property=\"og:description\" content=\"Laboratoire de tirage photo et impression, photo d&#039;identit\u00e9 , photo en studio et tout type de travaux photos, petit et grand format. tarifs interressant, rapide et efficace.\" \/>\n<meta property=\"og:url\" content=\"https:\/\/studio-photo-salon.fr\/\" \/>\n<meta property=\"og:site_name\" content=\"Studio Photo Salon de Provence\" \/>\n<meta property=\"article:modified_time\" content=\"2025-11-17T08:25:41+00:00\" \/>\n<meta property=\"og:image\" content=\"https:\/\/studio-photo-salon.fr\/wp-content\/uploads\/2025\/11\/bandeau-calendriers-2026.webp\" \/>\n\t<meta property=\"og:image:width\" content=\"1000\" \/>\n\t<meta property=\"og:image:height\" content=\"200\" \/>\n\t<meta property=\"og:image:type\" content=\"image\/webp\" \/>\n<meta name=\"twitter:card\" content=\"summary_large_image\" \/>\n<meta name=\"twitter:label1\" content=\"Dur\u00e9e de lecture estim\u00e9e\" \/>\n\t<meta name=\"twitter:data1\" content=\"5 minutes\" \/>\n<script type=\"application\/ld+json\" class=\"yoast-schema-graph\">{\"@context\":\"https:\/\/schema.org\",\"@graph\":[{\"@type\":\"WebPage\",\"@id\":\"https:\/\/studio-photo-salon.fr\/\",\"url\":\"https:\/\/studio-photo-salon.fr\/\",\"name\":\"Accueil - Studio Photo Salon de Provence\",\"isPartOf\":{\"@id\":\"https:\/\/studio-photo-salon.fr\/#website\"},\"primaryImageOfPage\":{\"@id\":\"https:\/\/studio-photo-salon.fr\/#primaryimage\"},\"image\":{\"@id\":\"https:\/\/studio-photo-salon.fr\/#primaryimage\"},\"thumbnailUrl\":\"https:\/\/studio-photo-salon.fr\/wp-content\/uploads\/2025\/11\/bandeau-calendriers-2026.webp\",\"datePublished\":\"2017-10-16T09:31:15+00:00\",\"dateModified\":\"2025-11-17T08:25:41+00:00\",\"description\":\"Laboratoire de tirage photo et impression, photo d'identit\u00e9 , photo en studio et tout type de travaux photos, petit et grand format. tarifs interressant, rapide et efficace.\",\"breadcrumb\":{\"@id\":\"https:\/\/studio-photo-salon.fr\/#breadcrumb\"},\"inLanguage\":\"fr-FR\",\"potentialAction\":[{\"@type\":\"ReadAction\",\"target\":[\"https:\/\/studio-photo-salon.fr\/\"]}]},{\"@type\":\"ImageObject\",\"inLanguage\":\"fr-FR\",\"@id\":\"https:\/\/studio-photo-salon.fr\/#primaryimage\",\"url\":\"https:\/\/studio-photo-salon.fr\/wp-content\/uploads\/2025\/11\/bandeau-calendriers-2026.webp\",\"contentUrl\":\"https:\/\/studio-photo-salon.fr\/wp-content\/uploads\/2025\/11\/bandeau-calendriers-2026.webp\",\"width\":1000,\"height\":200},{\"@type\":\"BreadcrumbList\",\"@id\":\"https:\/\/studio-photo-salon.fr\/#breadcrumb\",\"itemListElement\":[{\"@type\":\"ListItem\",\"position\":1,\"name\":\"Accueil\",\"item\":\"https:\/\/studio-photo-salon.fr\/\"},{\"@type\":\"ListItem\",\"position\":2,\"name\":\"Accueil\"}]},{\"@type\":\"WebSite\",\"@id\":\"https:\/\/studio-photo-salon.fr\/#website\",\"url\":\"https:\/\/studio-photo-salon.fr\/\",\"name\":\"Studio Photo Salon de Provence\",\"description\":\"Laboratoire et Studio photo\",\"potentialAction\":[{\"@type\":\"SearchAction\",\"target\":{\"@type\":\"EntryPoint\",\"urlTemplate\":\"https:\/\/studio-photo-salon.fr\/?s={search_term_string}\"},\"query-input\":{\"@type\":\"PropertyValueSpecification\",\"valueRequired\":true,\"valueName\":\"search_term_string\"}}],\"inLanguage\":\"fr-FR\"}]}<\/script>\n<!-- \/ Yoast SEO plugin. -->","yoast_head_json":{"title":"Accueil - Studio Photo Salon de Provence","description":"Laboratoire de tirage photo et impression, photo d'identit\u00e9 , photo en studio et tout type de travaux photos, petit et grand format. tarifs interressant, rapide et efficace.","robots":{"index":"index","follow":"follow","max-snippet":"max-snippet:-1","max-image-preview":"max-image-preview:large","max-video-preview":"max-video-preview:-1"},"canonical":"https:\/\/studio-photo-salon.fr\/","og_locale":"fr_FR","og_type":"article","og_title":"Accueil - Studio Photo Salon de Provence","og_description":"Laboratoire de tirage photo et impression, photo d'identit\u00e9 , photo en studio et tout type de travaux photos, petit et grand format. tarifs interressant, rapide et efficace.","og_url":"https:\/\/studio-photo-salon.fr\/","og_site_name":"Studio Photo Salon de Provence","article_modified_time":"2025-11-17T08:25:41+00:00","og_image":[{"width":1000,"height":200,"url":"https:\/\/studio-photo-salon.fr\/wp-content\/uploads\/2025\/11\/bandeau-calendriers-2026.webp","type":"image\/webp"}],"twitter_card":"summary_large_image","twitter_misc":{"Dur\u00e9e de lecture estim\u00e9e":"5 minutes"},"schema":{"@context":"https:\/\/schema.org","@graph":[{"@type":"WebPage","@id":"https:\/\/studio-photo-salon.fr\/","url":"https:\/\/studio-photo-salon.fr\/","name":"Accueil - Studio Photo Salon de Provence","isPartOf":{"@id":"https:\/\/studio-photo-salon.fr\/#website"},"primaryImageOfPage":{"@id":"https:\/\/studio-photo-salon.fr\/#primaryimage"},"image":{"@id":"https:\/\/studio-photo-salon.fr\/#primaryimage"},"thumbnailUrl":"https:\/\/studio-photo-salon.fr\/wp-content\/uploads\/2025\/11\/bandeau-calendriers-2026.webp","datePublished":"2017-10-16T09:31:15+00:00","dateModified":"2025-11-17T08:25:41+00:00","description":"Laboratoire de tirage photo et impression, photo d'identit\u00e9 , photo en studio et tout type de travaux photos, petit et grand format. tarifs interressant, rapide et efficace.","breadcrumb":{"@id":"https:\/\/studio-photo-salon.fr\/#breadcrumb"},"inLanguage":"fr-FR","potentialAction":[{"@type":"ReadAction","target":["https:\/\/studio-photo-salon.fr\/"]}]},{"@type":"ImageObject","inLanguage":"fr-FR","@id":"https:\/\/studio-photo-salon.fr\/#primaryimage","url":"https:\/\/studio-photo-salon.fr\/wp-content\/uploads\/2025\/11\/bandeau-calendriers-2026.webp","contentUrl":"https:\/\/studio-photo-salon.fr\/wp-content\/uploads\/2025\/11\/bandeau-calendriers-2026.webp","width":1000,"height":200},{"@type":"BreadcrumbList","@id":"https:\/\/studio-photo-salon.fr\/#breadcrumb","itemListElement":[{"@type":"ListItem","position":1,"name":"Accueil","item":"https:\/\/studio-photo-salon.fr\/"},{"@type":"ListItem","position":2,"name":"Accueil"}]},{"@type":"WebSite","@id":"https:\/\/studio-photo-salon.fr\/#website","url":"https:\/\/studio-photo-salon.fr\/","name":"Studio Photo Salon de Provence","description":"Laboratoire et Studio photo","potentialAction":[{"@type":"SearchAction","target":{"@type":"EntryPoint","urlTemplate":"https:\/\/studio-photo-salon.fr\/?s={search_term_string}"},"query-input":{"@type":"PropertyValueSpecification","valueRequired":true,"valueName":"search_term_string"}}],"inLanguage":"fr-FR"}]}},"_links":{"self":[{"href":"https:\/\/studio-photo-salon.fr\/index.php\/wp-json\/wp\/v2\/pages\/25","targetHints":{"allow":["GET"]}}],"collection":[{"href":"https:\/\/studio-photo-salon.fr\/index.php\/wp-json\/wp\/v2\/pages"}],"about":[{"href":"https:\/\/studio-photo-salon.fr\/index.php\/wp-json\/wp\/v2\/types\/page"}],"author":[{"embeddable":true,"href":"https:\/\/studio-photo-salon.fr\/index.php\/wp-json\/wp\/v2\/users\/1"}],"replies":[{"embeddable":true,"href":"https:\/\/studio-photo-salon.fr\/index.php\/wp-json\/wp\/v2\/comments?post=25"}],"version-history":[{"count":97,"href":"https:\/\/studio-photo-salon.fr\/index.php\/wp-json\/wp\/v2\/pages\/25\/revisions"}],"predecessor-version":[{"id":1975,"href":"https:\/\/studio-photo-salon.fr\/index.php\/wp-json\/wp\/v2\/pages\/25\/revisions\/1975"}],"wp:attachment":[{"href":"https:\/\/studio-photo-salon.fr\/index.php\/wp-json\/wp\/v2\/media?parent=25"}],"curies":[{"name":"wp","href":"https:\/\/api.w.org\/{rel}","templated":true}]}}